{"id":26,"date":"2018-10-09T08:03:31","date_gmt":"2018-10-09T08:03:31","guid":{"rendered":"http:\/\/anchor.themeshop.co\/?page_id=26"},"modified":"2021-07-02T20:50:46","modified_gmt":"2021-07-02T23:50:46","slug":"home","status":"publish","type":"page","link":"https:\/\/agenciaala.com.br\/","title":{"rendered":"HOME"},"content":{"rendered":"<p>[vc_row full_width=&#8221;stretch_row_content_no_spaces&#8221; anchor_wrap_section=&#8221;no&#8221;][vc_column][anchord_hero_slider hero_slider=&#8221;318&#8243;][\/vc_column][\/vc_row][vc_row css=&#8221;.vc_custom_1623721556747{margin-top: 100px !important;margin-bottom: 100px !important;}&#8221;][vc_column][anchord_hero_slider hero_slider=&#8221;320&#8243;][\/vc_column][\/vc_row][vc_row full_width=&#8221;stretch_row_content&#8221; css_animation=&#8221;bounceInDown&#8221; anchor_wrap_section=&#8221;no&#8221; css=&#8221;.vc_custom_1623721741487{padding-top: 60px !important;padding-bottom: 60px !important;background-color: #c5d2e0 !important;}&#8221; el_id=&#8221;servicos&#8221;][vc_column][vc_column_text]<\/p>\n<h2>| SERVI\u00c7OS<\/h2>\n<h6 class=\"desc-common\">Trabalhamos com uma linha de cria\u00e7\u00e3o e estrat\u00e9gia adaptada para o perfil de cada cliente, respeitando a hist\u00f3ria e personalidade da marca.<\/h6>\n<p>[\/vc_column_text][\/vc_column][vc_column width=&#8221;1\/4&#8243; css=&#8221;.vc_custom_1616443377711{padding-top: 20px !important;}&#8221;][anchord_feature btn_visibility=&#8221;show&#8221; animate_block=&#8221;yes&#8221; title=&#8221;MARKETING DIGITAL&#8221; icon=&#8221;140&#8243; btn_url=&#8221;https:\/\/api.whatsapp.com\/send\/?phone=557599661619&#8243; btn_label=&#8221;SOLICITE UMA COTA\u00c7\u00c3O AGORA&#8221; feature_content=&#8221;A\u00e7\u00f5es realizadas atrav\u00e9s da internet para promover empresas, seus produtos e servi\u00e7os, conquistando assim novos clientes e melhorando a sua rede de relacionamentos&#8221; animation_delay=&#8221;0.2s&#8221;][anchord_feature btn_visibility=&#8221;show&#8221; animate_block=&#8221;yes&#8221; title=&#8221;PROMO\u00c7\u00c3O DE VENDAS&#8221; icon=&#8221;140&#8243; btn_url=&#8221;https:\/\/api.whatsapp.com\/send\/?phone=557599661619&#8243; btn_label=&#8221;SOLICITE UMA COTA\u00c7\u00c3O AGORA&#8221; feature_content=&#8221;Cria\u00e7\u00e3o de solu\u00e7\u00f5es para eventos, stands, games institucionais com foco no engajamento, campanhas de incentivo de vendas com premia\u00e7\u00e3o e brindes elaborados.&#8221; animation_delay=&#8221;0.2s&#8221;][\/vc_column][vc_column width=&#8221;1\/4&#8243; css=&#8221;.vc_custom_1616443391967{padding-top: 20px !important;}&#8221;][anchord_feature btn_visibility=&#8221;show&#8221; animate_block=&#8221;yes&#8221; title=&#8221;M\u00cdDIAS SOCIAIS&#8221; icon=&#8221;139&#8243; btn_url=&#8221;https:\/\/api.whatsapp.com\/send\/?phone=557599661619&#8243; btn_label=&#8221;SOLICITE UMA COTA\u00c7\u00c3O AGORA!&#8221; feature_content=&#8221;Gerenciamento de p\u00e1ginas no Instagram, LinkedIn e Facebook, com publica\u00e7\u00e3o de imagens e v\u00eddeos de acordo a estrat\u00e9gia de marketing elaborada para o cliente e seu p\u00fablico-alvo. Como tamb\u00e9m cria\u00e7\u00e3o e alimenta\u00e7\u00e3o de perfil no Youtube e Spotify.&#8221; animation_delay=&#8221;0.4s&#8221;][anchord_feature btn_visibility=&#8221;show&#8221; animate_block=&#8221;yes&#8221; title=&#8221;CRIA\u00c7\u00c3O DE SITES&#8221; icon=&#8221;139&#8243; btn_url=&#8221;https:\/\/api.whatsapp.com\/send\/?phone=557599661619&#8243; btn_label=&#8221;SOLICITE UMA COTA\u00c7\u00c3O AGORA!&#8221; feature_content=&#8221;Vamos criar um site personalizado para o seu neg\u00f3cio. Design e tecnologias avan\u00e7adas, otimizado para o Google e com integra\u00e7\u00f5es para Facebook, Instagram e WhatsApp.&#8221; animation_delay=&#8221;0.4s&#8221;][\/vc_column][vc_column width=&#8221;1\/4&#8243; css=&#8221;.vc_custom_1616443396629{padding-top: 20px !important;}&#8221;][anchord_feature btn_visibility=&#8221;show&#8221; animate_block=&#8221;yes&#8221; title=&#8221;IDENTIDADE VISUAL&#8221; icon=&#8221;134&#8243; btn_url=&#8221;https:\/\/api.whatsapp.com\/send\/?phone=557599661619&#8243; btn_label=&#8221;SOLICITE UMA COTA\u00c7\u00c3O AGORA!&#8221; feature_content=&#8221;Cria\u00e7\u00e3o de identidade visual, manual, conceito de marca, logo e materiais auxiliares o branding.&#8221; animation_delay=&#8221;0.6s&#8221;][anchord_feature btn_visibility=&#8221;show&#8221; animate_block=&#8221;yes&#8221; title=&#8221;CART\u00c3O DIGITAL&#8221; icon=&#8221;134&#8243; btn_url=&#8221;https:\/\/api.whatsapp.com\/send\/?phone=557599661619&#8243; btn_label=&#8221;SOLICITE UMA COTA\u00c7\u00c3O AGORA!&#8221; feature_content=&#8221;O cart\u00e3o digital e Interativo \u00e9 fundamental para reuniar todas as informa\u00e7\u00f5es de sua empresa de forma simples e objetiva atrav\u00e9s de um arquivo em PDF personalizado.&#8221; animation_delay=&#8221;0.6s&#8221;][\/vc_column][vc_column width=&#8221;1\/4&#8243;][anchord_feature btn_visibility=&#8221;show&#8221; animate_block=&#8221;yes&#8221; title=&#8221;PLANEJAMENTO ESTRAT\u00c9GICO&#8221; icon=&#8221;140&#8243; btn_url=&#8221;https:\/\/api.whatsapp.com\/send\/?phone=557599661619&#8243; btn_label=&#8221;SOLICITE UMA COTA\u00c7\u00c3O AGORA&#8221; feature_content=&#8221;Quem pensa, planeja e executa. Estudo de concorr\u00eancia, an\u00e1lise de mercado, mapa de SWOT, diagn\u00f3stico de marca, DNA de marca, posicionamento e reposicionamento, planos anuais, controle de budget.&#8221; animation_delay=&#8221;0.2s&#8221;][anchord_feature btn_visibility=&#8221;show&#8221; animate_block=&#8221;yes&#8221; title=&#8221;GEST\u00c3O DE EVENTOS&#8221; icon=&#8221;134&#8243; btn_url=&#8221;https:\/\/api.whatsapp.com\/send\/?phone=557599661619&#8243; btn_label=&#8221;SOLICITE UMA COTA\u00c7\u00c3O AGORA!&#8221; feature_content=&#8221;Do planejamento \u00e0 execu\u00e7\u00e3o: gerimos o seu evento do in\u00edcio ao fim.&#8221; animation_delay=&#8221;0.6s&#8221;][\/vc_column][\/vc_row][vc_row full_width=&#8221;stretch_row_content&#8221; parallax=&#8221;content-moving&#8221; anchor_wrap_section=&#8221;no&#8221; el_id=&#8221;portfolio&#8221; css=&#8221;.vc_custom_1623722485185{padding-top: 30px !important;padding-bottom: 30px !important;background-color: #eaeaea !important;}&#8221;][vc_column][vc_column_text]<\/p>\n<h2>| PROJETOS<\/h2>\n<h6 class=\"desc-common\">Trazemos nesta se\u00e7\u00e3o alguns dos nossos projetos.<\/h6>\n<p>[\/vc_column_text][vc_masonry_media_grid gap=&#8221;0&#8243; item=&#8221;masonryMedia_BorderedScale&#8221; grid_id=&#8221;vc_gid:1625267750854-3a6e556b3fc2f165393b89c1a26d57f9-8&#8243; include=&#8221;701,644,698,645,697,700,643,696,699&#8243;][\/vc_column][\/vc_row][vc_row disable_element=&#8221;yes&#8221; use_container=&#8221;yes&#8221; use_predefined_id=&#8221;yes&#8221; predefined_id=&#8221;counter&#8221; use_predefined_class=&#8221;yes&#8221; predefined_class=&#8221;awards&#8221; css=&#8221;.vc_custom_1616446582693{padding-top: 120px !important;padding-bottom: 120px !important;}&#8221;][vc_column width=&#8221;4\/12&#8243; offset=&#8221;vc_col-lg-5 vc_col-md-12 vc_col-xs-12&#8243;][vc_column_text]<\/p>\n<h5>CONFIRA QUEM J\u00c1 FAZ PARTE DO UNIVERSO ALA<\/h5>\n<h2>NOSSOS CLIENTES<\/h2>\n<p>[\/vc_column_text][\/vc_column][vc_column width=&#8221;7\/12&#8243;][vc_row_inner][vc_column_inner width=&#8221;1\/3&#8243; offset=&#8221;vc_col-md-4 vc_col-xs-12&#8243;][\/vc_column_inner][vc_column_inner width=&#8221;1\/3&#8243;][\/vc_column_inner][vc_column_inner width=&#8221;1\/3&#8243;][\/vc_column_inner][\/vc_row_inner][\/vc_column][\/vc_row][vc_row el_id=&#8221;clientes&#8221; css=&#8221;.vc_custom_1624425353201{padding-top: 70px !important;}&#8221;][vc_column width=&#8221;1\/4&#8243;][vc_row_inner][vc_column_inner][vc_empty_space height=&#8221;99px&#8221;][vc_column_text]<\/p>\n<h2>| NOSSOS CLIENTES<\/h2>\n<h6 class=\"desc-common\">Confira quem j\u00e1 faz parte do Universo ALA.<\/h6>\n<p>[\/vc_column_text][\/vc_column_inner][\/vc_row_inner][\/vc_column][vc_column width=&#8221;1\/4&#8243;][vc_row_inner][vc_column_inner][vc_single_image image=&#8221;713&#8243; alignment=&#8221;center&#8221;][vc_single_image image=&#8221;710&#8243; alignment=&#8221;center&#8221;][\/vc_column_inner][\/vc_row_inner][\/vc_column][vc_column width=&#8221;1\/4&#8243;][vc_single_image image=&#8221;707&#8243; img_size=&#8221;medium&#8221; alignment=&#8221;center&#8221;][vc_single_image image=&#8221;704&#8243; img_size=&#8221;medium&#8221; alignment=&#8221;center&#8221;][\/vc_column][vc_column width=&#8221;1\/4&#8243;][vc_single_image image=&#8221;708&#8243; img_size=&#8221;medium&#8221; alignment=&#8221;center&#8221;][vc_single_image image=&#8221;705&#8243; img_size=&#8221;medium&#8221; alignment=&#8221;center&#8221;][\/vc_column][\/vc_row][vc_row css=&#8221;.vc_custom_1624425353201{padding-top: 70px !important;}&#8221;][vc_column width=&#8221;1\/2&#8243;][vc_row_inner][vc_column_inner][vc_empty_space height=&#8221;99px&#8221;][vc_column_text]<\/p>\n<h2>| DEPOIMENTOS<\/h2>\n<p>[\/vc_column_text][\/vc_column_inner][\/vc_row_inner][\/vc_column][vc_column width=&#8221;1\/2&#8243;][vc_row_inner][vc_column_inner][vc_images_carousel images=&#8221;720,721&#8243; img_size=&#8221;full&#8221;][\/vc_column_inner][\/vc_row_inner][\/vc_column][\/vc_row]<\/p>\n","protected":false},"excerpt":{"rendered":"<p>[vc_row full_width=&#8221;stretch_row_content_no_spaces&#8221; anchor_wrap_section=&#8221;no&#8221;][vc_column][anchord_hero_slider hero_slider=&#8221;318&#8243;][\/vc_column][\/vc_row][vc_row css=&#8221;.vc_custom_1623721556747{margin-top: 100px !important;margin-bottom: 100px !important;}&#8221;][vc_column][anchord_hero_slider hero_slider=&#8221;320&#8243;][\/vc_column][\/vc_row][vc_row full_width=&#8221;stretch_row_content&#8221; css_animation=&#8221;bounceInDown&#8221; anchor_wrap_section=&#8221;no&#8221; css=&#8221;.vc_custom_1623721741487{padding-top: 60px !important;padding-bottom: 60px !important;background-color: #c5d2e0 !important;}&#8221; el_id=&#8221;servicos&#8221;][vc_column][vc_column_text] | SERVI\u00c7OS Trabalhamos com uma linha de cria\u00e7\u00e3o e estrat\u00e9gia adaptada para o perfil de cada cliente, respeitando a hist\u00f3ria e personalidade da marca. [\/vc_column_text][\/vc_column][vc_column width=&#8221;1\/4&#8243; css=&#8221;.vc_custom_1616443377711{padding-top: 20px !important;}&#8221;][anchord_feature btn_visibility=&#8221;show&#8221; animate_block=&#8221;yes&#8221; title=&#8221;MARKETING DIGITAL&#8221; icon=&#8221;140&#8243; [&hellip;]<\/p>\n","protected":false},"author":1,"featured_media":0,"parent":0,"menu_order":0,"comment_status":"closed","ping_status":"closed","template":"page-builder.php","meta":[],"_links":{"self":[{"href":"https:\/\/agenciaala.com.br\/index.php?rest_route=\/wp\/v2\/pages\/26"}],"collection":[{"href":"https:\/\/agenciaala.com.br\/index.php?rest_route=\/wp\/v2\/pages"}],"about":[{"href":"https:\/\/agenciaala.com.br\/index.php?rest_route=\/wp\/v2\/types\/page"}],"author":[{"embeddable":true,"href":"https:\/\/agenciaala.com.br\/index.php?rest_route=\/wp\/v2\/users\/1"}],"replies":[{"embeddable":true,"href":"https:\/\/agenciaala.com.br\/index.php?rest_route=%2Fwp%2Fv2%2Fcomments&post=26"}],"version-history":[{"count":68,"href":"https:\/\/agenciaala.com.br\/index.php?rest_route=\/wp\/v2\/pages\/26\/revisions"}],"predecessor-version":[{"id":722,"href":"https:\/\/agenciaala.com.br\/index.php?rest_route=\/wp\/v2\/pages\/26\/revisions\/722"}],"wp:attachment":[{"href":"https:\/\/agenciaala.com.br\/index.php?rest_route=%2Fwp%2Fv2%2Fmedia&parent=26"}],"curies":[{"name":"wp","href":"https:\/\/api.w.org\/{rel}","templated":true}]}}